{"id":839,"date":"2021-01-02T12:51:37","date_gmt":"2021-01-02T12:51:37","guid":{"rendered":"https:\/\/www.hinterwaeldervieh.ch\/?page_id=839"},"modified":"2023-12-11T19:39:23","modified_gmt":"2023-12-11T19:39:23","slug":"startseite","status":"publish","type":"page","link":"https:\/\/test.hinterwaeldervieh.ch\/fr\/","title":{"rendered":"page d&#8217;accueil"},"content":{"rendered":"<h2>Bienvenue sur le site web d&#8217;Association suisse d&#8217;\u00e9levage de la vache d&#8217;Hinterwald<\/h2>\n<p>Pour payer la cotisation annuelle \u00e0 l&#8217;association suisse d&#8217;\u00e9levage d&#8217;Hinterw\u00e4lder, vous pouvez t\u00e9l\u00e9charger ici le bulletin de versement avec QR Code :\u00a0<a href=\"https:\/\/test.hinterwaeldervieh.ch\/wp-content\/uploads\/2022\/12\/QR_Rechnung.pdf\">QR Rechnung<\/a>2<\/p>\n<p><img loading=\"lazy\" decoding=\"async\" src=\"https:\/\/test.hinterwaeldervieh.ch\/wp-content\/uploads\/2019\/10\/LOGO-SHZ-768x412.jpg\" sizes=\"auto, (max-width: 768px) 100vw, 768px\" srcset=\"https:\/\/test.hinterwaeldervieh.ch\/wp-content\/uploads\/2019\/10\/LOGO-SHZ-768x412.jpg 768w, https:\/\/test.hinterwaeldervieh.ch\/wp-content\/uploads\/2019\/10\/LOGO-SHZ-300x161.jpg 300w, https:\/\/test.hinterwaeldervieh.ch\/wp-content\/uploads\/2019\/10\/LOGO-SHZ-1024x550.jpg 1024w, https:\/\/test.hinterwaeldervieh.ch\/wp-content\/uploads\/2019\/10\/LOGO-SHZ.jpg 1580w\" alt=\"\" width=\"768\" height=\"412\" \/><\/p>\n<h2 style=\"font-variant-ligatures: normal; font-variant-caps: normal; font-family: Roboto, sans-serif; font-style: normal;\">Contactez nous:<\/h2>\n<ul style=\"font-variant-ligatures: normal; font-variant-caps: normal; font-family: Roboto, sans-serif; font-size: 14px; font-style: normal; font-weight: 400;\">\n<li style=\"font-size: 14px;\">Pr\u00e4sidentin Kathrin Berger, Unteregg 696, 3553 Gohl<\/li>\n<li style=\"font-size: 14px;\"><a style=\"font-variant-caps: normal; font-family: Verdana; font-size: 13.3333px; font-style: normal; color: blue; display: inline !important;\" href=\"mailto:k.berger@hinterwaeldervieh.ch\">k.berger@hinterwaeldervieh.ch<\/a><\/li>\n<li style=\"font-size: 14px;\">+41 (0)34 402 32 37<\/li>\n<\/ul>\n<figure class=\"gallery-item\"><a href=\"https:\/\/test.hinterwaeldervieh.ch\/wp-content\/uploads\/2020\/05\/IMG-20200126-WA0042.jpg\" data-elementor-open-lightbox=\"yes\" data-elementor-lightbox-slideshow=\"6312e24\" data-elementor-lightbox-title=\"IMG-20200126-WA0042\"><img loading=\"lazy\" decoding=\"async\" src=\"https:\/\/test.hinterwaeldervieh.ch\/wp-content\/uploads\/2020\/05\/IMG-20200126-WA0042-150x150.jpg\" alt=\"\" width=\"150\" height=\"150\" \/><\/a><\/figure>\n<figure class=\"gallery-item\"><a href=\"https:\/\/test.hinterwaeldervieh.ch\/wp-content\/uploads\/2020\/05\/IMG-20200126-WA0040.jpg\" data-elementor-open-lightbox=\"yes\" data-elementor-lightbox-slideshow=\"6312e24\" data-elementor-lightbox-title=\"IMG-20200126-WA0040\"><img loading=\"lazy\" decoding=\"async\" src=\"https:\/\/test.hinterwaeldervieh.ch\/wp-content\/uploads\/2020\/05\/IMG-20200126-WA0040-150x150.jpg\" alt=\"\" width=\"150\" height=\"150\" \/><\/a><\/figure>\n<figure class=\"gallery-item\"><a href=\"https:\/\/test.hinterwaeldervieh.ch\/wp-content\/uploads\/2020\/05\/IMG-20200126-WA0038.jpg\" data-elementor-open-lightbox=\"yes\" data-elementor-lightbox-slideshow=\"6312e24\" data-elementor-lightbox-title=\"IMG-20200126-WA0038\"><img loading=\"lazy\" decoding=\"async\" src=\"https:\/\/test.hinterwaeldervieh.ch\/wp-content\/uploads\/2020\/05\/IMG-20200126-WA0038-150x150.jpg\" alt=\"\" width=\"150\" height=\"150\" \/><\/a><\/figure>\n<figure class=\"gallery-item\"><a href=\"https:\/\/test.hinterwaeldervieh.ch\/wp-content\/uploads\/2020\/02\/IMG_20190724_160556_resized_20200201_081511096.jpg\" data-elementor-open-lightbox=\"yes\" data-elementor-lightbox-slideshow=\"6312e24\" data-elementor-lightbox-title=\"IMG_20190724_160556_resized_20200201_081511096\"><img loading=\"lazy\" decoding=\"async\" src=\"https:\/\/test.hinterwaeldervieh.ch\/wp-content\/uploads\/2020\/02\/IMG_20190724_160556_resized_20200201_081511096-150x150.jpg\" alt=\"\" width=\"150\" height=\"150\" \/><\/a><\/figure>\n","protected":false},"excerpt":{"rendered":"<p>Bienvenue sur le site web d&#8217;Association suisse d&#8217;\u00e9levage de la vache d&#8217;Hinterwald Pour payer la cotisation annuelle \u00e0 l&#8217;association suisse d&#8217;\u00e9levage d&#8217;Hinterw\u00e4lder, vous pouvez t\u00e9l\u00e9charger ici le bulletin de versement avec QR Code :\u00a0QR Rechnung2 Contactez nous: Pr\u00e4sidentin Kathrin Berger, Unteregg 696, 3553 Gohl k.berger@hinterwaeldervieh.ch +41 (0)34 402 32 37<\/p>\n","protected":false},"author":1,"featured_media":0,"parent":0,"menu_order":0,"comment_status":"closed","ping_status":"closed","template":"","meta":{"footnotes":""},"class_list":["post-839","page","type-page","status-publish","hentry","entry"],"translation":{"provider":"WPGlobus","version":"2.12.2","language":"fr","enabled_languages":["de","fr"],"languages":{"de":{"title":true,"content":true,"excerpt":false},"fr":{"title":true,"content":true,"excerpt":false}}},"yoast_head":"<!-- This site is optimized with the Yoast SEO plugin v21.6 - https:\/\/yoast.com\/wordpress\/plugins\/seo\/ -->\n<title>page d&#039;accueil - Association Suisse d`\u00e9levage de la vache d`Hinterwald<\/title>\n<meta name=\"robots\" content=\"noindex, follow, max-snippet:-1, max-image-preview:large, max-video-preview:-1\" \/>\n<meta property=\"og:locale\" content=\"fr_FR\" \/>\n<meta property=\"og:type\" content=\"article\" \/>\n<meta property=\"og:title\" content=\"page d&#039;accueil - Association Suisse d`\u00e9levage de la vache d`Hinterwald\" \/>\n<meta property=\"og:url\" content=\"https:\/\/test.hinterwaeldervieh.ch\/\" \/>\n<meta property=\"og:site_name\" content=\"Association Suisse d`\u00e9levage de la vache d`Hinterwald\" \/>\n<meta property=\"article:modified_time\" content=\"2023-12-11T19:39:23+00:00\" \/>\n<meta property=\"og:image\" content=\"https:\/\/test.hinterwaeldervieh.ch\/wp-content\/uploads\/2023\/07\/PHOTO-2023-07-02-21-23-30-768x1024.jpg\" \/>\n<meta name=\"twitter:card\" content=\"summary_large_image\" \/>\n<meta name=\"twitter:label1\" content=\"Est. reading time\" \/>\n\t<meta name=\"twitter:data1\" content=\"2 minutes\" \/>\n<script type=\"application\/ld+json\" class=\"yoast-schema-graph\">{\"@context\":\"https:\/\/schema.org\",\"@graph\":[{\"@type\":\"WebPage\",\"@id\":\"https:\/\/test.hinterwaeldervieh.ch\/\",\"url\":\"https:\/\/test.hinterwaeldervieh.ch\/\",\"name\":\"page d'accueil - Association Suisse d`\u00e9levage de la vache d`Hinterwald\",\"isPartOf\":{\"@id\":\"https:\/\/test.hinterwaeldervieh.ch\/#website\"},\"datePublished\":\"2021-01-02T12:51:37+00:00\",\"dateModified\":\"2023-12-11T19:39:23+00:00\",\"description\":\"Willkommen auf der Webseite des Schweizerischen Hinterw\u00e4lder Zuchtvereins.\",\"breadcrumb\":{\"@id\":\"https:\/\/test.hinterwaeldervieh.ch\/#breadcrumb\"},\"inLanguage\":\"fr-FR\",\"potentialAction\":[{\"@type\":\"ReadAction\",\"target\":[\"https:\/\/test.hinterwaeldervieh.ch\/\"]}]},{\"@type\":\"BreadcrumbList\",\"@id\":\"https:\/\/test.hinterwaeldervieh.ch\/#breadcrumb\",\"itemListElement\":[{\"@type\":\"ListItem\",\"position\":1,\"name\":\"Home\",\"item\":\"https:\/\/test.hinterwaeldervieh.ch\/\"},{\"@type\":\"ListItem\",\"position\":2,\"name\":\"Startseite\"}]},{\"@type\":\"WebSite\",\"@id\":\"https:\/\/test.hinterwaeldervieh.ch\/#website\",\"url\":\"https:\/\/test.hinterwaeldervieh.ch\/\",\"name\":\"Schweizerischer Hinterw\u00e4lder Zuchtverein\",\"description\":\"\",\"publisher\":{\"@id\":\"https:\/\/test.hinterwaeldervieh.ch\/#organization\"},\"potentialAction\":[{\"@type\":\"SearchAction\",\"target\":{\"@type\":\"EntryPoint\",\"urlTemplate\":\"https:\/\/test.hinterwaeldervieh.ch\/?s={search_term_string}\"},\"query-input\":\"required name=search_term_string\"}],\"inLanguage\":\"fr-FR\"},{\"@type\":\"Organization\",\"@id\":\"https:\/\/test.hinterwaeldervieh.ch\/#organization\",\"name\":\"Hinterw\u00e4lder Zuchtverein\",\"url\":\"https:\/\/test.hinterwaeldervieh.ch\/\",\"logo\":{\"@type\":\"ImageObject\",\"inLanguage\":\"fr-FR\",\"@id\":\"https:\/\/test.hinterwaeldervieh.ch\/#\/schema\/logo\/image\/\",\"url\":\"https:\/\/test.hinterwaeldervieh.ch\/wp-content\/uploads\/2019\/10\/LOGO-SHZ.jpg\",\"contentUrl\":\"https:\/\/test.hinterwaeldervieh.ch\/wp-content\/uploads\/2019\/10\/LOGO-SHZ.jpg\",\"width\":1580,\"height\":848,\"caption\":\"Hinterw\u00e4lder Zuchtverein\"},\"image\":{\"@id\":\"https:\/\/test.hinterwaeldervieh.ch\/#\/schema\/logo\/image\/\"}}]}<\/script>\n<!-- \/ Yoast SEO plugin. -->","yoast_head_json":{"title":"page d'accueil - Association Suisse d`\u00e9levage de la vache d`Hinterwald","robots":{"index":"noindex","follow":"follow","max-snippet":"max-snippet:-1","max-image-preview":"max-image-preview:large","max-video-preview":"max-video-preview:-1"},"og_locale":"fr_FR","og_type":"article","og_title":"page d'accueil - Association Suisse d`\u00e9levage de la vache d`Hinterwald","og_url":"https:\/\/test.hinterwaeldervieh.ch\/","og_site_name":"Association Suisse d`\u00e9levage de la vache d`Hinterwald","article_modified_time":"2023-12-11T19:39:23+00:00","og_image":[{"url":"https:\/\/test.hinterwaeldervieh.ch\/wp-content\/uploads\/2023\/07\/PHOTO-2023-07-02-21-23-30-768x1024.jpg"}],"twitter_card":"summary_large_image","twitter_misc":{"Est. reading time":"2 minutes"},"schema":{"@context":"https:\/\/schema.org","@graph":[{"@type":"WebPage","@id":"https:\/\/test.hinterwaeldervieh.ch\/","url":"https:\/\/test.hinterwaeldervieh.ch\/","name":"page d'accueil - Association Suisse d`\u00e9levage de la vache d`Hinterwald","isPartOf":{"@id":"https:\/\/test.hinterwaeldervieh.ch\/#website"},"datePublished":"2021-01-02T12:51:37+00:00","dateModified":"2023-12-11T19:39:23+00:00","description":"Willkommen auf der Webseite des Schweizerischen Hinterw\u00e4lder Zuchtvereins.","breadcrumb":{"@id":"https:\/\/test.hinterwaeldervieh.ch\/#breadcrumb"},"inLanguage":"fr-FR","potentialAction":[{"@type":"ReadAction","target":["https:\/\/test.hinterwaeldervieh.ch\/"]}]},{"@type":"BreadcrumbList","@id":"https:\/\/test.hinterwaeldervieh.ch\/#breadcrumb","itemListElement":[{"@type":"ListItem","position":1,"name":"Home","item":"https:\/\/test.hinterwaeldervieh.ch\/"},{"@type":"ListItem","position":2,"name":"Startseite"}]},{"@type":"WebSite","@id":"https:\/\/test.hinterwaeldervieh.ch\/#website","url":"https:\/\/test.hinterwaeldervieh.ch\/","name":"Schweizerischer Hinterw\u00e4lder Zuchtverein","description":"","publisher":{"@id":"https:\/\/test.hinterwaeldervieh.ch\/#organization"},"potentialAction":[{"@type":"SearchAction","target":{"@type":"EntryPoint","urlTemplate":"https:\/\/test.hinterwaeldervieh.ch\/?s={search_term_string}"},"query-input":"required name=search_term_string"}],"inLanguage":"fr-FR"},{"@type":"Organization","@id":"https:\/\/test.hinterwaeldervieh.ch\/#organization","name":"Hinterw\u00e4lder Zuchtverein","url":"https:\/\/test.hinterwaeldervieh.ch\/","logo":{"@type":"ImageObject","inLanguage":"fr-FR","@id":"https:\/\/test.hinterwaeldervieh.ch\/#\/schema\/logo\/image\/","url":"https:\/\/test.hinterwaeldervieh.ch\/wp-content\/uploads\/2019\/10\/LOGO-SHZ.jpg","contentUrl":"https:\/\/test.hinterwaeldervieh.ch\/wp-content\/uploads\/2019\/10\/LOGO-SHZ.jpg","width":1580,"height":848,"caption":"Hinterw\u00e4lder Zuchtverein"},"image":{"@id":"https:\/\/test.hinterwaeldervieh.ch\/#\/schema\/logo\/image\/"}}]}},"_links":{"self":[{"href":"https:\/\/test.hinterwaeldervieh.ch\/fr\/wp-json\/wp\/v2\/pages\/839","targetHints":{"allow":["GET"]}}],"collection":[{"href":"https:\/\/test.hinterwaeldervieh.ch\/fr\/wp-json\/wp\/v2\/pages"}],"about":[{"href":"https:\/\/test.hinterwaeldervieh.ch\/fr\/wp-json\/wp\/v2\/types\/page"}],"author":[{"embeddable":true,"href":"https:\/\/test.hinterwaeldervieh.ch\/fr\/wp-json\/wp\/v2\/users\/1"}],"replies":[{"embeddable":true,"href":"https:\/\/test.hinterwaeldervieh.ch\/fr\/wp-json\/wp\/v2\/comments?post=839"}],"version-history":[{"count":221,"href":"https:\/\/test.hinterwaeldervieh.ch\/fr\/wp-json\/wp\/v2\/pages\/839\/revisions"}],"predecessor-version":[{"id":1473,"href":"https:\/\/test.hinterwaeldervieh.ch\/fr\/wp-json\/wp\/v2\/pages\/839\/revisions\/1473"}],"wp:attachment":[{"href":"https:\/\/test.hinterwaeldervieh.ch\/fr\/wp-json\/wp\/v2\/media?parent=839"}],"curies":[{"name":"wp","href":"https:\/\/api.w.org\/{rel}","templated":true}]}}