{"id":56,"date":"2019-04-08T17:14:18","date_gmt":"2019-04-08T17:14:18","guid":{"rendered":"https:\/\/wordpress.hinterwaeldervieh.ch\/wordpress\/?page_id=56"},"modified":"2023-06-16T06:53:22","modified_gmt":"2023-06-16T06:53:22","slug":"formulare","status":"publish","type":"page","link":"https:\/\/test.hinterwaeldervieh.ch\/fr\/formulare\/","title":{"rendered":"Des Formulaires"},"content":{"rendered":"<h2><b><font face=\"Verdana, sans-serif\" size=\"4\">Des Formulaires <\/font><\/b><\/h2>\n<table style=\"font-family: -webkit-standard; width: 1030px; border-style: none;\" border=\"1\" width=\"100%\" cellspacing=\"0\" cellpadding=\"0\">\n<tbody>\n<tr>\n<td style=\"width: 1015.6875px; border-style: none; padding: 0cm 5.4pt;\" colspan=\"8\" valign=\"top\" width=\"100%\">\n<p style=\"margin: 0cm 0cm 0.0001pt; font-size: 11pt; font-family: Verdana, sans-serif;\">Les fichiers sont pr\u00e9sent\u00e9s dans un format *. PDF, donc dans un format\u00a0<img loading=\"lazy\" decoding=\"async\" src=\"http:\/\/www.hinterwaeldervieh.ch\/SHZ-F\/formular-Dateien\/image006.jpg\" alt=\"adobe_pdf\" width=\"31\" height=\"31\" \/>Adobe Acrobat. Pour pouvoir regarder ou imprimer ces fichiers, il vous faut un Adobe Acrobat Viewer ou Reader, o\u00f9 vous pouvez les t\u00e9l\u00e9charger sous\u00a0<a style=\"font-family: Verdana, sans-serif; color: #000000;\" href=\"http:\/\/www.adobe.ch\/\" target=\"_blank\" rel=\"noopener\">www.adobe.ch<\/a>\u00a0\u00a0\u00a0(software gratuite)<\/p>\n<\/td>\n<\/tr>\n<tr>\n<td style=\"width: 1015.6875px; border-style: none; padding: 0cm 5.4pt;\" colspan=\"8\" valign=\"top\" width=\"100%\">\n<p style=\"margin: 12pt 0cm 3pt; font-size: 11pt; font-family: Verdana, sans-serif; break-after: avoid-page;\">Nouveaux membres<\/p>\n<p style=\"margin: 0cm 0cm 0.0001pt; font-size: 11pt; font-family: Verdana, sans-serif;\">Les nouveaux membres peuvent t\u00e9l\u00e9charger le formulaire en format PDF ou DOC.<\/p>\n<p style=\"margin: 0cm 0cm 0.0001pt; font-size: 11pt; font-family: Verdana, sans-serif;\">\u00a0<\/p>\n<p style=\"margin: 0cm 0cm 0.0001pt; font-size: 11pt; font-family: Verdana, sans-serif;\">Informations\u00a0concernant l\u2019adh\u00e9sion et le formulaire d\u2019inscription<\/p>\n<p style=\"margin: 0cm 0cm 0.0001pt; font-size: 11pt; font-family: Verdana, sans-serif;\">\u00a0<\/p>\n<\/td>\n<\/tr>\n<tr>\n<td style=\"width: 1015.6875px; border-style: none; padding: 0cm 5.4pt;\" colspan=\"8\" valign=\"top\" width=\"100%\">\n<p style=\"margin: 0cm 0cm 0.0001pt; font-size: 11pt; font-family: Verdana, sans-serif;\">Chaque nouvelle inscription \u00e0 l\u2019Association Suisse d\u2019\u00e9levage de la vache d\u2019Hinterwald\u00a0\u00a0SHZ\/ASH est la bienvenue et permet le maintien de cette race menac\u00e9e d\u2019extinction.<\/p>\n<p style=\"margin: 0cm 0cm 0.0001pt; font-size: 11pt; font-family: Verdana, sans-serif;\">\u00a0<\/p>\n<p style=\"margin: 0cm 0cm 0.0001pt; font-size: 11pt; font-family: Verdana, sans-serif;\">L\u2019Association Suisse d\u2019\u00e9levage de la vache d\u2019Hinterwald (SHZ\/ASH) est une organisation d\u2019\u00e9levage ind\u00e9pendante. Elle d\u00e9finit le but d\u2019\u00e9levage, encourage la d\u00e9tention de taureaux et contr\u00f4le le d\u00e9veloppement de la race.<\/p>\n<p style=\"margin: 0cm 0cm 0.0001pt; font-size: 11pt; font-family: Verdana, sans-serif;\">Le herdbook et la d\u00e9claration lin\u00e9aire avec classification (DLC) sont g\u00e9r\u00e9s par \u00ab\u00a0Braunvieh Schweiz\u00a0\u00bb \u00e0 Zoug. Lors de l\u2019information d\u2019une naissance, il est important de sp\u00e9cifier Braunvieh Schweiz en tant qu\u2019organisation d\u2019\u00e9levage afin d\u2019assurer un transfert des donn\u00e9es sans complications (annonce au moyen de la carte code 11).<\/p>\n<p style=\"margin: 0cm 0cm 0.0001pt; font-size: 11pt; font-family: Verdana, sans-serif;\">\u00a0<\/p>\n<p style=\"margin: 0cm 0cm 0.0001pt; font-size: 11pt; font-family: Verdana, sans-serif;\">Les frais de DLC des vaches en premi\u00e8re et en troisi\u00e8me lactation ainsi que des taureaux, sont pris en charge par l\u2019ASH. L\u2019\u00e9leveur assume les frais des autres DLC facultatives.<\/p>\n<p style=\"margin: 0cm 0cm 0.0001pt; font-size: 11pt; font-family: Verdana, sans-serif;\">Il existe deux variantes d\u2019inscription \u00e0\u00a0la DLC. Merci\u00a0de cocher celle que vous choisissez sur le formulaire d\u2019inscription.<\/p>\n<p style=\"margin: 0cm 0cm 0.0001pt; font-size: 11pt; font-family: Verdana, sans-serif;\">\u00a0<\/p>\n<\/td>\n<\/tr>\n<tr style=\"height: 6pt;\">\n<td style=\"width: 150.125px; border-style: none; padding: 0cm 5.4pt; height: 6pt;\" valign=\"top\" width=\"16%\">\n<p style=\"margin: 0cm 0cm 0.0001pt; font-size: 11pt; font-family: Verdana, sans-serif;\">Variante 1<\/p>\n<p style=\"margin: 0cm 0cm 0.0001pt; font-size: 11pt; font-family: Verdana, sans-serif;\">Contrat basique\u00a0\u00a0\u00a0=<\/p>\n<\/td>\n<td style=\"width: 851.1875px; border-style: none; padding: 0cm 5.4pt; height: 6pt;\" colspan=\"7\" valign=\"top\" width=\"83%\">\n<p style=\"margin: 0cm 0cm 0.0001pt; font-size: 11pt; font-family: Verdana, sans-serif;\">\u00a0<\/p>\n<p style=\"margin: 0cm 0cm 0.0001pt; font-size: 11pt; font-family: Verdana, sans-serif;\">Les vaches en 1\u00e8re et en 3\u00e8me\u00a0\u00a0lactation ainsi que les taureaux d\u2019\u00e9levage sont annonc\u00e9s\u00a0<b>automatiquement<\/b>\u00a0\u00e0 la DLC.<\/p>\n<p style=\"margin: 0cm 0cm 0.0001pt; font-size: 11pt; font-family: Verdana, sans-serif;\">C\u2019est \u00ab\u00a0Braunvieh Schweiz\u00a0\u00bb qui vous informe des dates de rendez-vous.\u00a0<\/p>\n<p style=\"margin: 0cm 0cm 0.0001pt; font-size: 11pt; font-family: Verdana, sans-serif;\">Pri\u00e8re d\u2019annuler imm\u00e9diatement les animaux que vous ne souhaitez pas faire \u00e9valuer.<\/p>\n<p style=\"margin: 0cm 0cm 0.0001pt; font-size: 11pt; font-family: Verdana, sans-serif;\">\u00a0<\/p>\n<\/td>\n<\/tr>\n<tr style=\"height: 6pt;\">\n<td style=\"width: 150.125px; border-style: none; padding: 0cm 5.4pt; height: 6pt;\" valign=\"top\" width=\"16%\">\n<p style=\"margin: 0cm 0cm 0.0001pt; font-size: 11pt; font-family: Verdana, sans-serif;\">Variante 2<\/p>\n<p style=\"margin: 0cm 0cm 0.0001pt; font-size: 11pt; font-family: Verdana, sans-serif;\">Contrat pedigree\u00a0\u00a0=<\/p>\n<p style=\"margin: 0cm 0cm 0.0001pt; font-size: 11pt; font-family: Verdana, sans-serif;\">\u00a0<\/p>\n<\/td>\n<td style=\"width: 851.1875px; border-style: none; padding: 0cm 5.4pt; height: 6pt;\" colspan=\"7\" valign=\"top\" width=\"83%\">\n<p style=\"margin: 0cm 0cm 0.0001pt; font-size: 11pt; font-family: Verdana, sans-serif;\">\u00a0<\/p>\n<p style=\"margin: 0cm 0cm 0.0001pt; font-size: 11pt; font-family: Verdana, sans-serif;\">C\u2019est\u00a0<b>\u00e0 vous<\/b>\u00a0\u00e0 annoncer \u00e0 \u00ab\u00a0Braunvieh Schweiz\u00a0\u00bb \u00e0 Zoug les animaux que vous souhaitez faire \u00e9valuer.<\/p>\n<p style=\"margin: 0cm 0cm 0.0001pt; font-size: 11pt; font-family: Verdana, sans-serif;\">\u00a0<\/p>\n<\/td>\n<\/tr>\n<tr style=\"height: 6pt;\">\n<td style=\"width: 150.125px; border-style: none; padding: 0cm 5.4pt; height: 6pt;\" valign=\"top\" width=\"16%\">\n<p style=\"margin: 0cm 0cm 0.0001pt; font-size: 11pt; font-family: Verdana, sans-serif;\">Pr\u00e9sentation des co\u00fbts:<\/p>\n<p style=\"margin: 0cm 0cm 0.0001pt; font-size: 11pt; font-family: Verdana, sans-serif;\">\u00a0<\/p>\n<\/td>\n<td style=\"width: 608.03125px; border-style: none; padding: 0cm 5.4pt; height: 6pt;\" colspan=\"5\" valign=\"top\" width=\"37%\">\n<p style=\"margin: 0cm 0cm 0.0001pt; font-size: 11pt; font-family: Verdana, sans-serif;\">DLC 1<sup>\u00e8re<\/sup>\u00a0\u00a0\u00a0et 3<sup>\u00e8me<\/sup>\u00a0lactation et taureaux<\/p>\n<p style=\"margin: 0cm 0cm 0.0001pt; font-size: 11pt; font-family: Verdana, sans-serif;\">Autres DLC facultatives<\/p>\n<p style=\"margin: 0cm 0cm 0.0001pt; font-size: 11pt; font-family: Verdana, sans-serif;\">\u00a0<\/p>\n<\/td>\n<td style=\"width: 228.78125px; border-style: none; padding: 0cm 5.4pt; height: 6pt;\" colspan=\"2\" valign=\"top\" width=\"45%\">\n<p style=\"margin: 0cm 0cm 0.0001pt; font-size: 11pt; font-family: Verdana, sans-serif;\">Gratuites (prises en charge par l\u2019association)<\/p>\n<p style=\"margin: 0cm 0cm 0.0001pt; font-size: 11pt; font-family: Verdana, sans-serif;\">Fr. 20.-<\/p>\n<p style=\"margin: 0cm 0cm 0.0001pt; font-size: 11pt; font-family: Verdana, sans-serif;\">\u00a0<\/p>\n<\/td>\n<\/tr>\n<tr style=\"height: 6pt;\">\n<td style=\"width: 150.125px; border-style: none; padding: 0cm 5.4pt; height: 6pt;\" valign=\"top\" width=\"16%\">\n<p style=\"margin: 0cm 0cm 0.0001pt; font-size: 11pt; font-family: Verdana, sans-serif;\">\u00a0<\/p>\n<\/td>\n<td style=\"width: 608.03125px; border-style: none; padding: 0cm 5.4pt; height: 6pt;\" colspan=\"5\" valign=\"top\" width=\"37%\">\n<p style=\"margin: 0cm 0cm 0.0001pt; font-size: 11pt; font-family: Verdana, sans-serif;\">Certificat d\u2019ascendance pour des veaux nouvellement enregistr\u00e9s<\/p>\n<p style=\"margin: 0cm 0cm 0.0001pt; font-size: 11pt; font-family: Verdana, sans-serif;\">\u00a0<\/p>\n<\/td>\n<td style=\"width: 228.78125px; border-style: none; padding: 0cm 5.4pt; height: 6pt;\" colspan=\"2\" valign=\"top\" width=\"45%\">\n<p style=\"margin: 0cm 0cm 0.0001pt; font-size: 11pt; font-family: Verdana, sans-serif;\">Fr.\u00a0\u00a05.- \/ 6.-<\/p>\n<p style=\"margin: 0cm 0cm 0.0001pt; font-size: 11pt; font-family: Verdana, sans-serif;\">\u00a0<\/p>\n<\/td>\n<\/tr>\n<tr style=\"height: 6pt;\">\n<td style=\"width: 150.125px; border-style: none; padding: 0cm 5.4pt; height: 6pt;\" valign=\"top\" width=\"16%\">\n<p style=\"margin: 0cm 0cm 0.0001pt; font-size: 11pt; font-family: Verdana, sans-serif;\">Co\u00fbts annuels p\u00e9riodiques:<\/p>\n<\/td>\n<td style=\"width: 608.03125px; border-style: none; padding: 0cm 5.4pt; height: 6pt;\" colspan=\"5\" valign=\"top\" width=\"37%\">\n<p style=\"margin: 0cm 0cm 0.0001pt; font-size: 11pt; font-family: Verdana, sans-serif;\">Cotisation annuelle de \u201eBraunvieh Schweiz\u201c\u00a0<\/p>\n<p style=\"margin: 0cm 0cm 0.0001pt; font-size: 11pt; font-family: Verdana, sans-serif;\">\u00a0<\/p>\n<p style=\"margin: 0cm 0cm 0.0001pt; font-size: 11pt; font-family: Verdana, sans-serif;\">Cotisation annuelle ASH\u00a0<\/p>\n<\/td>\n<td style=\"width: 228.78125px; border-style: none; padding: 0cm 5.4pt; height: 6pt;\" colspan=\"2\" valign=\"top\" width=\"45%\">\n<p style=\"margin: 0cm 0cm 0.0001pt; font-size: 11pt; font-family: Verdana, sans-serif;\">Fr.\u00a0\u00a020 (10 animaux inclus, puis 2 francs par animal)<\/p>\n<p style=\"margin: 0cm 0cm 0.0001pt; font-size: 11pt; font-family: Verdana, sans-serif;\">Fr.\u00a0 50 (Contribution forfaitaire de l&#8217;entreprise)<\/p>\n<p style=\"margin: 0cm 0cm 0.0001pt; font-size: 11pt; font-family: Verdana, sans-serif;\">\u00a0<\/p>\n<p style=\"margin: 0cm 0cm 0.0001pt; font-size: 11pt; font-family: Verdana, sans-serif;\">\u00a0<\/p>\n<\/td>\n<\/tr>\n<tr style=\"height: 6pt;\">\n<td style=\"width: 1015.6875px; border-style: none; padding: 0cm 5.4pt; height: 6pt;\" colspan=\"8\" valign=\"top\" width=\"100%\">\n<p style=\"margin: 0cm 0cm 0.0001pt; font-size: 11pt; font-family: Verdana, sans-serif;\">Vous recevez trois fois par ann\u00e9e le bulletin d\u2019informations \u00ab\u00a0HW Info\u00a0\u00bb, son co\u00fbt est compris dans la cotisation annuelle.<\/p>\n<p style=\"margin: 0cm 0cm 0.0001pt; font-size: 11pt; font-family: Verdana, sans-serif;\">\u00a0<\/p>\n<p style=\"margin: 0cm 0cm 0.0001pt; font-size: 11pt; font-family: Verdana, sans-serif;\">L\u2019ASH travaille en partenariat avec\u00a0ProSpecieRara (voir le Contrat de partenariat).<\/p>\n<p style=\"margin: 0cm 0cm 0.0001pt; font-size: 11pt; font-family: Verdana, sans-serif;\">Les adresses des membres actifs sont transmises \u00e0 ProSpezieRara, ces membres re\u00e7oivent gratuitement le magazine \u201erara\u201c.<\/p>\n<p style=\"margin: 0cm 0cm 0.0001pt; font-size: 11pt; font-family: Verdana, sans-serif;\">\u00a0<\/p>\n<\/td>\n<\/tr>\n<tr style=\"height: 6pt;\">\n<td style=\"width: 1015.6875px; border-style: none; padding: 0cm 5.4pt; height: 6pt;\" colspan=\"8\" valign=\"top\" width=\"100%\">\n<p style=\"margin: 0cm 0cm 0.0001pt; font-size: 11pt; font-family: Verdana, sans-serif;\">Le comit\u00e9 est \u00e0 disposition pour toute information compl\u00e9mentaire.<\/p>\n<\/td>\n<\/tr>\n<tr>\n<td style=\"width: 1015.6875px; border-top-style: none; border-right-style: none; border-left-style: none; border-bottom-width: 1pt; border-bottom-color: green; padding: 0cm 5.4pt;\" colspan=\"8\" valign=\"top\" width=\"100%\">\n<p style=\"margin: 0cm 0cm 0.0001pt; font-size: 11pt; font-family: Verdana, sans-serif;\">\u00a0<\/p>\n<p style=\"margin: 0cm 0cm 0.0001pt; font-size: 11pt; font-family: Verdana, sans-serif;\">&#8211;&gt;<a href=\"https:\/\/hinterwaeldervieh.ch\/wp-content\/uploads\/2020\/12\/Anmeldeformular-fr_1220.pdf\">Membres nouveaux<\/a>&lt;&#8211;\u00a0<\/p>\n<p style=\"margin: 0cm 0cm 0.0001pt; font-size: 11pt; font-family: Verdana, sans-serif;\">\u00a0<\/p>\n<p style=\"margin: 0cm 0cm 0.0001pt; font-size: 11pt; font-family: Verdana, sans-serif;\">\u00a0<\/p>\n<p style=\"margin: 0cm 0cm 0.0001pt; font-size: 11pt; font-family: Verdana, sans-serif;\">Contrat de partenariat ProSpecieRara<\/p>\n<p style=\"margin: 0cm 0cm 0.0001pt; font-size: 11pt; font-family: Verdana, sans-serif;\">\u00a0<\/p>\n<p style=\"margin: 0cm 0cm 0.0001pt; font-size: 11pt; font-family: Verdana, sans-serif;\">&#8211;&gt;<a href=\"https:\/\/test.hinterwaeldervieh.ch\/wp-content\/uploads\/2019\/12\/Partnerschafts-VertragSpecieRara_fr.pdf\">Contrat de partenariat<\/a>&lt;&#8211;<\/p>\n<p style=\"margin: 0cm 0cm 0.0001pt; font-size: 11pt; font-family: Verdana, sans-serif;\">\u00a0<\/p>\n<\/td>\n<\/tr>\n<\/tbody>\n<\/table>\n","protected":false},"excerpt":{"rendered":"<p>Des Formulaires Les fichiers sont pr\u00e9sent\u00e9s dans un format *. PDF, donc dans un format\u00a0Adobe Acrobat. Pour pouvoir regarder ou imprimer ces fichiers, il vous faut un Adobe Acrobat Viewer ou Reader, o\u00f9 vous pouvez les t\u00e9l\u00e9charger sous\u00a0www.adobe.ch\u00a0\u00a0\u00a0(software gratuite) Nouveaux membres Les nouveaux membres peuvent t\u00e9l\u00e9charger le formulaire en format PDF ou DOC. \u00a0 Informations\u00a0concernant [&hellip;]<\/p>\n","protected":false},"author":1,"featured_media":0,"parent":0,"menu_order":0,"comment_status":"closed","ping_status":"closed","template":"","meta":{"footnotes":""},"class_list":["post-56","page","type-page","status-publish","hentry","entry"],"translation":{"provider":"WPGlobus","version":"2.12.2","language":"fr","enabled_languages":["de","fr"],"languages":{"de":{"title":true,"content":true,"excerpt":false},"fr":{"title":true,"content":true,"excerpt":false}}},"yoast_head":"<!-- This site is optimized with the Yoast SEO plugin v21.6 - https:\/\/yoast.com\/wordpress\/plugins\/seo\/ -->\n<title>Des Formulaires - Association Suisse d`\u00e9levage de la vache d`Hinterwald<\/title>\n<meta name=\"robots\" content=\"noindex, follow, max-snippet:-1, max-image-preview:large, max-video-preview:-1\" \/>\n<meta property=\"og:locale\" content=\"fr_FR\" \/>\n<meta property=\"og:type\" content=\"article\" \/>\n<meta property=\"og:title\" content=\"Des Formulaires - Association Suisse d`\u00e9levage de la vache d`Hinterwald\" \/>\n<meta property=\"og:url\" content=\"https:\/\/test.hinterwaeldervieh.ch\/formulare\/\" \/>\n<meta property=\"og:site_name\" content=\"Association Suisse d`\u00e9levage de la vache d`Hinterwald\" \/>\n<meta property=\"article:modified_time\" content=\"2023-06-16T06:53:22+00:00\" \/>\n<meta property=\"og:image\" content=\"https:\/\/test.hinterwaeldervieh.ch\/wp-content\/uploads\/2019\/12\/IMG_20191017_101546_resized_20191107_093036937-1024x768.jpg\" \/>\n<meta name=\"twitter:card\" content=\"summary_large_image\" \/>\n<meta name=\"twitter:label1\" content=\"Est. reading time\" \/>\n\t<meta name=\"twitter:data1\" content=\"4 minutes\" \/>\n<script type=\"application\/ld+json\" class=\"yoast-schema-graph\">{\"@context\":\"https:\/\/schema.org\",\"@graph\":[{\"@type\":\"WebPage\",\"@id\":\"https:\/\/test.hinterwaeldervieh.ch\/formulare\/\",\"url\":\"https:\/\/test.hinterwaeldervieh.ch\/formulare\/\",\"name\":\"Des Formulaires - Association Suisse d`\u00e9levage de la vache d`Hinterwald\",\"isPartOf\":{\"@id\":\"https:\/\/test.hinterwaeldervieh.ch\/#website\"},\"datePublished\":\"2019-04-08T17:14:18+00:00\",\"dateModified\":\"2023-06-16T06:53:22+00:00\",\"breadcrumb\":{\"@id\":\"https:\/\/test.hinterwaeldervieh.ch\/formulare\/#breadcrumb\"},\"inLanguage\":\"fr-FR\",\"potentialAction\":[{\"@type\":\"ReadAction\",\"target\":[\"https:\/\/test.hinterwaeldervieh.ch\/formulare\/\"]}]},{\"@type\":\"BreadcrumbList\",\"@id\":\"https:\/\/test.hinterwaeldervieh.ch\/formulare\/#breadcrumb\",\"itemListElement\":[{\"@type\":\"ListItem\",\"position\":1,\"name\":\"Home\",\"item\":\"https:\/\/test.hinterwaeldervieh.ch\/\"},{\"@type\":\"ListItem\",\"position\":2,\"name\":\"Formulare\"}]},{\"@type\":\"WebSite\",\"@id\":\"https:\/\/test.hinterwaeldervieh.ch\/#website\",\"url\":\"https:\/\/test.hinterwaeldervieh.ch\/\",\"name\":\"Schweizerischer Hinterw\u00e4lder Zuchtverein\",\"description\":\"\",\"publisher\":{\"@id\":\"https:\/\/test.hinterwaeldervieh.ch\/#organization\"},\"potentialAction\":[{\"@type\":\"SearchAction\",\"target\":{\"@type\":\"EntryPoint\",\"urlTemplate\":\"https:\/\/test.hinterwaeldervieh.ch\/?s={search_term_string}\"},\"query-input\":\"required name=search_term_string\"}],\"inLanguage\":\"fr-FR\"},{\"@type\":\"Organization\",\"@id\":\"https:\/\/test.hinterwaeldervieh.ch\/#organization\",\"name\":\"Hinterw\u00e4lder Zuchtverein\",\"url\":\"https:\/\/test.hinterwaeldervieh.ch\/\",\"logo\":{\"@type\":\"ImageObject\",\"inLanguage\":\"fr-FR\",\"@id\":\"https:\/\/test.hinterwaeldervieh.ch\/#\/schema\/logo\/image\/\",\"url\":\"https:\/\/test.hinterwaeldervieh.ch\/wp-content\/uploads\/2019\/10\/LOGO-SHZ.jpg\",\"contentUrl\":\"https:\/\/test.hinterwaeldervieh.ch\/wp-content\/uploads\/2019\/10\/LOGO-SHZ.jpg\",\"width\":1580,\"height\":848,\"caption\":\"Hinterw\u00e4lder Zuchtverein\"},\"image\":{\"@id\":\"https:\/\/test.hinterwaeldervieh.ch\/#\/schema\/logo\/image\/\"}}]}<\/script>\n<!-- \/ Yoast SEO plugin. -->","yoast_head_json":{"title":"Des Formulaires - Association Suisse d`\u00e9levage de la vache d`Hinterwald","robots":{"index":"noindex","follow":"follow","max-snippet":"max-snippet:-1","max-image-preview":"max-image-preview:large","max-video-preview":"max-video-preview:-1"},"og_locale":"fr_FR","og_type":"article","og_title":"Des Formulaires - Association Suisse d`\u00e9levage de la vache d`Hinterwald","og_url":"https:\/\/test.hinterwaeldervieh.ch\/formulare\/","og_site_name":"Association Suisse d`\u00e9levage de la vache d`Hinterwald","article_modified_time":"2023-06-16T06:53:22+00:00","og_image":[{"url":"https:\/\/test.hinterwaeldervieh.ch\/wp-content\/uploads\/2019\/12\/IMG_20191017_101546_resized_20191107_093036937-1024x768.jpg"}],"twitter_card":"summary_large_image","twitter_misc":{"Est. reading time":"4 minutes"},"schema":{"@context":"https:\/\/schema.org","@graph":[{"@type":"WebPage","@id":"https:\/\/test.hinterwaeldervieh.ch\/formulare\/","url":"https:\/\/test.hinterwaeldervieh.ch\/formulare\/","name":"Des Formulaires - Association Suisse d`\u00e9levage de la vache d`Hinterwald","isPartOf":{"@id":"https:\/\/test.hinterwaeldervieh.ch\/#website"},"datePublished":"2019-04-08T17:14:18+00:00","dateModified":"2023-06-16T06:53:22+00:00","breadcrumb":{"@id":"https:\/\/test.hinterwaeldervieh.ch\/formulare\/#breadcrumb"},"inLanguage":"fr-FR","potentialAction":[{"@type":"ReadAction","target":["https:\/\/test.hinterwaeldervieh.ch\/formulare\/"]}]},{"@type":"BreadcrumbList","@id":"https:\/\/test.hinterwaeldervieh.ch\/formulare\/#breadcrumb","itemListElement":[{"@type":"ListItem","position":1,"name":"Home","item":"https:\/\/test.hinterwaeldervieh.ch\/"},{"@type":"ListItem","position":2,"name":"Formulare"}]},{"@type":"WebSite","@id":"https:\/\/test.hinterwaeldervieh.ch\/#website","url":"https:\/\/test.hinterwaeldervieh.ch\/","name":"Schweizerischer Hinterw\u00e4lder Zuchtverein","description":"","publisher":{"@id":"https:\/\/test.hinterwaeldervieh.ch\/#organization"},"potentialAction":[{"@type":"SearchAction","target":{"@type":"EntryPoint","urlTemplate":"https:\/\/test.hinterwaeldervieh.ch\/?s={search_term_string}"},"query-input":"required name=search_term_string"}],"inLanguage":"fr-FR"},{"@type":"Organization","@id":"https:\/\/test.hinterwaeldervieh.ch\/#organization","name":"Hinterw\u00e4lder Zuchtverein","url":"https:\/\/test.hinterwaeldervieh.ch\/","logo":{"@type":"ImageObject","inLanguage":"fr-FR","@id":"https:\/\/test.hinterwaeldervieh.ch\/#\/schema\/logo\/image\/","url":"https:\/\/test.hinterwaeldervieh.ch\/wp-content\/uploads\/2019\/10\/LOGO-SHZ.jpg","contentUrl":"https:\/\/test.hinterwaeldervieh.ch\/wp-content\/uploads\/2019\/10\/LOGO-SHZ.jpg","width":1580,"height":848,"caption":"Hinterw\u00e4lder Zuchtverein"},"image":{"@id":"https:\/\/test.hinterwaeldervieh.ch\/#\/schema\/logo\/image\/"}}]}},"_links":{"self":[{"href":"https:\/\/test.hinterwaeldervieh.ch\/fr\/wp-json\/wp\/v2\/pages\/56","targetHints":{"allow":["GET"]}}],"collection":[{"href":"https:\/\/test.hinterwaeldervieh.ch\/fr\/wp-json\/wp\/v2\/pages"}],"about":[{"href":"https:\/\/test.hinterwaeldervieh.ch\/fr\/wp-json\/wp\/v2\/types\/page"}],"author":[{"embeddable":true,"href":"https:\/\/test.hinterwaeldervieh.ch\/fr\/wp-json\/wp\/v2\/users\/1"}],"replies":[{"embeddable":true,"href":"https:\/\/test.hinterwaeldervieh.ch\/fr\/wp-json\/wp\/v2\/comments?post=56"}],"version-history":[{"count":42,"href":"https:\/\/test.hinterwaeldervieh.ch\/fr\/wp-json\/wp\/v2\/pages\/56\/revisions"}],"predecessor-version":[{"id":1402,"href":"https:\/\/test.hinterwaeldervieh.ch\/fr\/wp-json\/wp\/v2\/pages\/56\/revisions\/1402"}],"wp:attachment":[{"href":"https:\/\/test.hinterwaeldervieh.ch\/fr\/wp-json\/wp\/v2\/media?parent=56"}],"curies":[{"name":"wp","href":"https:\/\/api.w.org\/{rel}","templated":true}]}}