{"id":48,"date":"2019-04-08T17:13:17","date_gmt":"2019-04-08T17:13:17","guid":{"rendered":"https:\/\/wordpress.hinterwaeldervieh.ch\/wordpress\/?page_id=48"},"modified":"2023-04-12T11:09:18","modified_gmt":"2023-04-12T11:09:18","slug":"direktvermarktung","status":"publish","type":"page","link":"https:\/\/test.hinterwaeldervieh.ch\/fr\/direktvermarktung\/","title":{"rendered":"Vente directe"},"content":{"rendered":"<h2>Produits Hinterwald \u2013 vente directe<br \/><\/h2>\n<p style=\"font-weight: 400;\">Ch\u00e8re cliente,\u00a0Cher client\u00a0<\/p>\n<p style=\"font-weight: 400;\">La viande Hinterwald ne se trouve pas dans le commerce en tant que telle. Elle dispara\u00eet sous l\u2019appellation \u00ab\u00a0Viande de b\u0153uf\u00a0\u00bb. Pourtant, cette viande de b\u0153uf n\u2019est pas de la viande de b\u0153uf ordinaire.\u00a0<\/p>\n<p style=\"font-weight: 400;\">La\u00a0<strong style=\"font-style: inherit; font-weight: 600;\">race<\/strong>\u00a0et le\u00a0<strong style=\"font-style: inherit; font-weight: 600;\">mode de garde\u00a0<\/strong>jouent un r\u00f4le important.<strong style=\"font-style: inherit; font-weight: 600;\">\u00a0<\/strong>\u00a0<\/p>\n<p style=\"font-weight: 400;\">Les fibres de la viande Hinterwald sont tr\u00e8s fines et bien entrem\u00eal\u00e9es. Le b\u00e9tail Hinterwald est robuste, il se contente de peu : c\u2019est un excellent assimilateur de fourrages grossiers. Peu exigeant, il est pr\u00e9destin\u00e9 \u00e0 l\u2019\u00e9levage extensif et on le trouve surtout en zone de montagne.<\/p>\n<p style=\"font-weight: 400;\">Gr\u00e2ce \u00e0 la r\u00e9sistance de cette race, particuli\u00e8rement manifeste chez les veaux, le recours aux antibiotiques n\u2019est que tr\u00e8s rarement n\u00e9cessaire.<\/p>\n<p>Nous avons \u00e9tabli une liste par vente directe <a href=\"https:\/\/test.hinterwaeldervieh.ch\/wp-content\/uploads\/2023\/04\/Direktvermarktung_23_2.pdf\">Direktvermarktung<\/a>\u00a0pour vous permettre de d\u00e9couvrir la viande Hinterwald et nous esp\u00e9rons que vous trouverez un fournisseur dans votre r\u00e9gion.<\/p>\n<p style=\"font-weight: 400;\">Pour d\u00e9couvrir les fournisseurs de viande Hinterwald<\/p>\n<p style=\"font-weight: 400;\"><a style=\"font-size: 14px; color: #000000;\" href=\"https:\/\/hinterwaeldervieh.ch\/wp-content\/uploads\/2019\/12\/Direktvermarktung-1.pdf\">Vente directe<\/a><\/p>\n<p>Chers fournisseurs de vente directe<\/p>\n<p style=\"font-weight: 400;\">Nous vous remercions de votre inscription \u00e0 notre liste des fournisseurs de vente directe.<\/p>\n<p style=\"font-weight: 400;\">Nous vous remercions aussi de vous d\u00e9sinscrire \u00e0 partir du moment o\u00f9 vous avez une client\u00e8le fixe ou lorsque votre offre est \u00e9puis\u00e9e.<\/p>\n<p style=\"font-weight: 400;\">Inscriptions, changements, annulations aupr\u00e8s de :<\/p>\n<p style=\"font-weight: 400;\">\u00a0<\/p>\n<p style=\"font-weight: 400;\">Bruno Sch\u00e4rli,\u00a0Gr\u00fcnenbodenstrasse 2,\u00a06144 Zell<\/p>\n<p style=\"font-weight: 400;\">Telefon: +41 (0)41 988 27 58<\/p>\n<p style=\"font-weight: 400;\">E-Mail:\u00a0<a style=\"font-style: inherit; font-weight: inherit; color: #000000;\" href=\"mailto:b.schaerli@hinterwaeldervieh.ch\">b.schaerli@hinterwaeldervieh.ch<\/a><\/p>\n<h2><font color=\"#000000\" face=\"Verdana, sans-serif\" size=\"4\">Pro Specie Rara<\/font><\/h2>\n<p>ProSpecieRara a un nouveau site web o\u00f9 les \u00e9leveurs de races<br \/>ProSpecieRara peuvent se pr\u00e9senter avec un portrait personnel.<\/p>\n<p><a href=\"https:\/\/www.prospecierara.ch\/fr\/decouvrir\/carte-de-la-diversite.html\">Carte de la diversit\u00e9<\/a><\/p>\n<p><a href=\"https:\/\/www.prospecierara.ch\/fr\/qui-sommes-nous\/label-de-qualite\/obtenir-le-label\/demande-du-label-pour-animaux-de-rentes.html\">Demande du label pour les animaux de rentes<\/a><\/p>\n<p>\t\t\t\t\t\t\t\t\t\t<img width=\"997\" height=\"580\" src=\"https:\/\/test.hinterwaeldervieh.ch\/wp-content\/uploads\/2019\/12\/Grafik_KdV_1_franz.jpg\" alt=\"\" decoding=\"async\" loading=\"lazy\" srcset=\"https:\/\/test.hinterwaeldervieh.ch\/wp-content\/uploads\/2019\/12\/Grafik_KdV_1_franz.jpg 997w, https:\/\/test.hinterwaeldervieh.ch\/wp-content\/uploads\/2019\/12\/Grafik_KdV_1_franz-300x175.jpg 300w, https:\/\/test.hinterwaeldervieh.ch\/wp-content\/uploads\/2019\/12\/Grafik_KdV_1_franz-768x447.jpg 768w\" sizes=\"auto, (max-width: 997px) 100vw, 997px\" \/><\/p>\n","protected":false},"excerpt":{"rendered":"<p>Produits Hinterwald \u2013 vente directe Ch\u00e8re cliente,\u00a0Cher client\u00a0 La viande Hinterwald ne se trouve pas dans le commerce en tant que telle. Elle dispara\u00eet sous l\u2019appellation \u00ab\u00a0Viande de b\u0153uf\u00a0\u00bb. Pourtant, cette viande de b\u0153uf n\u2019est pas de la viande de b\u0153uf ordinaire.\u00a0 La\u00a0race\u00a0et le\u00a0mode de garde\u00a0jouent un r\u00f4le important.\u00a0\u00a0 Les fibres de la viande Hinterwald [&hellip;]<\/p>\n","protected":false},"author":1,"featured_media":0,"parent":0,"menu_order":0,"comment_status":"closed","ping_status":"closed","template":"","meta":{"footnotes":""},"class_list":["post-48","page","type-page","status-publish","hentry","entry"],"translation":{"provider":"WPGlobus","version":"2.12.2","language":"fr","enabled_languages":["de","fr"],"languages":{"de":{"title":true,"content":true,"excerpt":false},"fr":{"title":true,"content":true,"excerpt":false}}},"yoast_head":"<!-- This site is optimized with the Yoast SEO plugin v21.6 - https:\/\/yoast.com\/wordpress\/plugins\/seo\/ -->\n<title>Vente directe - Association Suisse d`\u00e9levage de la vache d`Hinterwald<\/title>\n<meta name=\"robots\" content=\"noindex, follow, max-snippet:-1, max-image-preview:large, max-video-preview:-1\" \/>\n<meta property=\"og:locale\" content=\"fr_FR\" \/>\n<meta property=\"og:type\" content=\"article\" \/>\n<meta property=\"og:title\" content=\"Vente directe - Association Suisse d`\u00e9levage de la vache d`Hinterwald\" \/>\n<meta property=\"og:url\" content=\"https:\/\/test.hinterwaeldervieh.ch\/direktvermarktung\/\" \/>\n<meta property=\"og:site_name\" content=\"Association Suisse d`\u00e9levage de la vache d`Hinterwald\" \/>\n<meta property=\"article:modified_time\" content=\"2023-04-12T11:09:18+00:00\" \/>\n<meta property=\"og:image\" content=\"https:\/\/test.hinterwaeldervieh.ch\/wp-content\/uploads\/2020\/02\/S5030905-150x150.jpg\" \/>\n<meta name=\"twitter:card\" content=\"summary_large_image\" \/>\n<meta name=\"twitter:label1\" content=\"Est. reading time\" \/>\n\t<meta name=\"twitter:data1\" content=\"2 minutes\" \/>\n<script type=\"application\/ld+json\" class=\"yoast-schema-graph\">{\"@context\":\"https:\/\/schema.org\",\"@graph\":[{\"@type\":\"WebPage\",\"@id\":\"https:\/\/test.hinterwaeldervieh.ch\/direktvermarktung\/\",\"url\":\"https:\/\/test.hinterwaeldervieh.ch\/direktvermarktung\/\",\"name\":\"Vente directe - Association Suisse d`\u00e9levage de la vache d`Hinterwald\",\"isPartOf\":{\"@id\":\"https:\/\/test.hinterwaeldervieh.ch\/#website\"},\"datePublished\":\"2019-04-08T17:13:17+00:00\",\"dateModified\":\"2023-04-12T11:09:18+00:00\",\"breadcrumb\":{\"@id\":\"https:\/\/test.hinterwaeldervieh.ch\/direktvermarktung\/#breadcrumb\"},\"inLanguage\":\"fr-FR\",\"potentialAction\":[{\"@type\":\"ReadAction\",\"target\":[\"https:\/\/test.hinterwaeldervieh.ch\/direktvermarktung\/\"]}]},{\"@type\":\"BreadcrumbList\",\"@id\":\"https:\/\/test.hinterwaeldervieh.ch\/direktvermarktung\/#breadcrumb\",\"itemListElement\":[{\"@type\":\"ListItem\",\"position\":1,\"name\":\"Home\",\"item\":\"https:\/\/test.hinterwaeldervieh.ch\/\"},{\"@type\":\"ListItem\",\"position\":2,\"name\":\"Direktvermarktung\"}]},{\"@type\":\"WebSite\",\"@id\":\"https:\/\/test.hinterwaeldervieh.ch\/#website\",\"url\":\"https:\/\/test.hinterwaeldervieh.ch\/\",\"name\":\"Schweizerischer Hinterw\u00e4lder Zuchtverein\",\"description\":\"\",\"publisher\":{\"@id\":\"https:\/\/test.hinterwaeldervieh.ch\/#organization\"},\"potentialAction\":[{\"@type\":\"SearchAction\",\"target\":{\"@type\":\"EntryPoint\",\"urlTemplate\":\"https:\/\/test.hinterwaeldervieh.ch\/?s={search_term_string}\"},\"query-input\":\"required name=search_term_string\"}],\"inLanguage\":\"fr-FR\"},{\"@type\":\"Organization\",\"@id\":\"https:\/\/test.hinterwaeldervieh.ch\/#organization\",\"name\":\"Hinterw\u00e4lder Zuchtverein\",\"url\":\"https:\/\/test.hinterwaeldervieh.ch\/\",\"logo\":{\"@type\":\"ImageObject\",\"inLanguage\":\"fr-FR\",\"@id\":\"https:\/\/test.hinterwaeldervieh.ch\/#\/schema\/logo\/image\/\",\"url\":\"https:\/\/test.hinterwaeldervieh.ch\/wp-content\/uploads\/2019\/10\/LOGO-SHZ.jpg\",\"contentUrl\":\"https:\/\/test.hinterwaeldervieh.ch\/wp-content\/uploads\/2019\/10\/LOGO-SHZ.jpg\",\"width\":1580,\"height\":848,\"caption\":\"Hinterw\u00e4lder Zuchtverein\"},\"image\":{\"@id\":\"https:\/\/test.hinterwaeldervieh.ch\/#\/schema\/logo\/image\/\"}}]}<\/script>\n<!-- \/ Yoast SEO plugin. -->","yoast_head_json":{"title":"Vente directe - Association Suisse d`\u00e9levage de la vache d`Hinterwald","robots":{"index":"noindex","follow":"follow","max-snippet":"max-snippet:-1","max-image-preview":"max-image-preview:large","max-video-preview":"max-video-preview:-1"},"og_locale":"fr_FR","og_type":"article","og_title":"Vente directe - Association Suisse d`\u00e9levage de la vache d`Hinterwald","og_url":"https:\/\/test.hinterwaeldervieh.ch\/direktvermarktung\/","og_site_name":"Association Suisse d`\u00e9levage de la vache d`Hinterwald","article_modified_time":"2023-04-12T11:09:18+00:00","og_image":[{"url":"https:\/\/test.hinterwaeldervieh.ch\/wp-content\/uploads\/2020\/02\/S5030905-150x150.jpg"}],"twitter_card":"summary_large_image","twitter_misc":{"Est. reading time":"2 minutes"},"schema":{"@context":"https:\/\/schema.org","@graph":[{"@type":"WebPage","@id":"https:\/\/test.hinterwaeldervieh.ch\/direktvermarktung\/","url":"https:\/\/test.hinterwaeldervieh.ch\/direktvermarktung\/","name":"Vente directe - Association Suisse d`\u00e9levage de la vache d`Hinterwald","isPartOf":{"@id":"https:\/\/test.hinterwaeldervieh.ch\/#website"},"datePublished":"2019-04-08T17:13:17+00:00","dateModified":"2023-04-12T11:09:18+00:00","breadcrumb":{"@id":"https:\/\/test.hinterwaeldervieh.ch\/direktvermarktung\/#breadcrumb"},"inLanguage":"fr-FR","potentialAction":[{"@type":"ReadAction","target":["https:\/\/test.hinterwaeldervieh.ch\/direktvermarktung\/"]}]},{"@type":"BreadcrumbList","@id":"https:\/\/test.hinterwaeldervieh.ch\/direktvermarktung\/#breadcrumb","itemListElement":[{"@type":"ListItem","position":1,"name":"Home","item":"https:\/\/test.hinterwaeldervieh.ch\/"},{"@type":"ListItem","position":2,"name":"Direktvermarktung"}]},{"@type":"WebSite","@id":"https:\/\/test.hinterwaeldervieh.ch\/#website","url":"https:\/\/test.hinterwaeldervieh.ch\/","name":"Schweizerischer Hinterw\u00e4lder Zuchtverein","description":"","publisher":{"@id":"https:\/\/test.hinterwaeldervieh.ch\/#organization"},"potentialAction":[{"@type":"SearchAction","target":{"@type":"EntryPoint","urlTemplate":"https:\/\/test.hinterwaeldervieh.ch\/?s={search_term_string}"},"query-input":"required name=search_term_string"}],"inLanguage":"fr-FR"},{"@type":"Organization","@id":"https:\/\/test.hinterwaeldervieh.ch\/#organization","name":"Hinterw\u00e4lder Zuchtverein","url":"https:\/\/test.hinterwaeldervieh.ch\/","logo":{"@type":"ImageObject","inLanguage":"fr-FR","@id":"https:\/\/test.hinterwaeldervieh.ch\/#\/schema\/logo\/image\/","url":"https:\/\/test.hinterwaeldervieh.ch\/wp-content\/uploads\/2019\/10\/LOGO-SHZ.jpg","contentUrl":"https:\/\/test.hinterwaeldervieh.ch\/wp-content\/uploads\/2019\/10\/LOGO-SHZ.jpg","width":1580,"height":848,"caption":"Hinterw\u00e4lder Zuchtverein"},"image":{"@id":"https:\/\/test.hinterwaeldervieh.ch\/#\/schema\/logo\/image\/"}}]}},"_links":{"self":[{"href":"https:\/\/test.hinterwaeldervieh.ch\/fr\/wp-json\/wp\/v2\/pages\/48","targetHints":{"allow":["GET"]}}],"collection":[{"href":"https:\/\/test.hinterwaeldervieh.ch\/fr\/wp-json\/wp\/v2\/pages"}],"about":[{"href":"https:\/\/test.hinterwaeldervieh.ch\/fr\/wp-json\/wp\/v2\/types\/page"}],"author":[{"embeddable":true,"href":"https:\/\/test.hinterwaeldervieh.ch\/fr\/wp-json\/wp\/v2\/users\/1"}],"replies":[{"embeddable":true,"href":"https:\/\/test.hinterwaeldervieh.ch\/fr\/wp-json\/wp\/v2\/comments?post=48"}],"version-history":[{"count":47,"href":"https:\/\/test.hinterwaeldervieh.ch\/fr\/wp-json\/wp\/v2\/pages\/48\/revisions"}],"predecessor-version":[{"id":1377,"href":"https:\/\/test.hinterwaeldervieh.ch\/fr\/wp-json\/wp\/v2\/pages\/48\/revisions\/1377"}],"wp:attachment":[{"href":"https:\/\/test.hinterwaeldervieh.ch\/fr\/wp-json\/wp\/v2\/media?parent=48"}],"curies":[{"name":"wp","href":"https:\/\/api.w.org\/{rel}","templated":true}]}}